{"id":85,"date":"2019-08-05T14:57:37","date_gmt":"2019-08-05T12:57:37","guid":{"rendered":"http:\/\/fa-sol.fr\/?page_id=85"},"modified":"2024-09-09T10:28:52","modified_gmt":"2024-09-09T08:28:52","slug":"sengager","status":"publish","type":"page","link":"https:\/\/fa-sol.fr\/?page_id=85","title":{"rendered":"Equipe"},"content":{"rendered":"\n<p><a href=\"#ancre13\">Pr\u00e9sentation de l&rsquo;\u00e9quipe <\/a>&#8212;- <a href=\"#ancre14\">Nous rejoindre <\/a>&#8212;- <a href=\"#ancre15\">Partenaires<\/a><\/p>\n\n\n\n<div class=\"wp-block-columns is-layout-flex wp-container-core-columns-is-layout-9d6595d7 wp-block-columns-is-layout-flex\" id=\"ancre13\">\n<div class=\"wp-block-column is-layout-flow wp-block-column-is-layout-flow\" style=\"flex-basis:100%\">\n<hr \/>\n<h1 style=\"text-align: center;\"><span style=\"color: #008080;\">Pr\u00e9sentation de l&rsquo;\u00e9quipe FaSol<\/span><\/h1>\n<p><span style=\"font-weight: 400;\">FaSol, <strong><span style=\"color: #33cccc;\">c\u2019est avant tout une belle \u00e9quipe<\/span><\/strong> de salari\u00e9.e.s, b\u00e9n\u00e9voles, stagiaires, volontaires en service civique, partenaires et adh\u00e9rent.e.s, qui fabriquent ensemble la solidarit\u00e9 et \u0153uvrent pour un mieux-vivre ensemble.<\/span><\/p>\n<p style=\"text-align: center;\"><a href=\"https:\/\/fa-sol.fr\/wp-content\/uploads\/2024\/07\/Fasol-Organigramme-Juin-2024_page-0001-scaled.jpg\">Organigramme FaSol Juin 2024<\/a><\/p>\n<hr \/>\n<\/div>\n<\/div>\n\n\n\n<div class=\"wp-block-columns is-layout-flex wp-container-core-columns-is-layout-9d6595d7 wp-block-columns-is-layout-flex\" id=\"ancre14\">\n<div class=\"wp-block-column is-layout-flow wp-block-column-is-layout-flow\" style=\"flex-basis:100%\">\n<h1 style=\"text-align: center;\"><span style=\"color: #008080;\">Nous rejoindre<\/span><\/h1>\n<h2 style=\"text-align: center;\"><span style=\"color: #33cccc;\">Devenir stagiaire<\/span><\/h2>\n<p><span style=\"font-weight: 400;\">Vous recherchez un stage ? En animation, menuiserie \/ \u00e9b\u00e9nisterie, d\u00e9veloppement associatif, le social \u2026 ?<\/span><\/p>\n<p><span style=\"font-weight: 400;\">FaSol accompagne chaque ann\u00e9e des stagiaires <strong><span style=\"color: #33cccc;\">dans la r\u00e9ussite de leurs projets personnels et professionnels<\/span><\/strong>. Des personnes de tous \u00e2ges, investi.e.s, dynamiques, ayant soif d\u2019apprendre.<\/span><b><\/b><\/p>\n<h2 style=\"text-align: center;\"><span style=\"color: #33cccc;\">Devenir salari\u00e9.e<\/span><\/h2>\n<p><span style=\"font-weight: 400;\">Vous recherchez <strong><span style=\"color: #33cccc;\">un emploi qui ait du sens<\/span><\/strong> en animation, \u00e9b\u00e9nisterie ?<\/span><\/p>\n<p><span style=\"font-weight: 400;\"><span style=\"color: #33cccc;\"><strong>Offre en cours<\/strong><\/span> : aucune<\/span><span style=\"font-weight: 400;\">.<br \/><\/span><\/p>\n<p><span style=\"font-weight: 400;\">Il suffit d\u2019envoyer votre CV et lettre\/ email de motivation, alors <\/span><a href=\"https:\/\/fa-sol.fr\/?page_id=109\"><span style=\"color: #008080;\"><b>contactez-nous<\/b><\/span><\/a><\/p>\n<h2 style=\"text-align: center;\"><span style=\"color: #33cccc;\">Devenir partenaire<\/span><\/h2>\n<p>FaSol s\u2019engage dans la <span style=\"color: #000000;\">recherche d\u2019alliances<\/span> avec <span style=\"color: #33cccc;\"><strong>des associations et<\/strong> <strong>autres structures<\/strong><\/span> afin de <strong><span style=\"color: #33cccc;\">cr\u00e9er de<\/span> <span style=\"color: #33cccc;\">nouveaux projets et offrir des actions<\/span><\/strong>, conjointes ou non, toujours mieux adapt\u00e9es aux b\u00e9n\u00e9ficiaires. Ces partenariats, construits pas \u00e0 pas ensemble, favorisent alors le d\u00e9veloppement des deux structures.<\/p>\n<p><span style=\"font-weight: 400;\">Vous avez <strong><span style=\"color: #33cccc;\">une id\u00e9e de partenariat ?<\/span><\/strong> Vous voulez <strong><span style=\"color: #33cccc;\">devenir un partenaire de FaSol<\/span><\/strong> ?<\/span><\/p>\n<p><span style=\"font-weight: 400;\">Alors <\/span><a href=\"https:\/\/fa-sol.fr\/?page_id=109\"><span style=\"color: #008080;\"><b>contactez-nous<\/b><\/span><\/a><\/p>\n<h2 style=\"text-align: center;\"><span style=\"color: #33cccc;\"><strong>Devenir b\u00e9n\u00e9vole\u00a0<\/strong><\/span><\/h2>\n<p>Chez FaSol, nous valorisons avant tout <span style=\"color: #33cccc;\"><strong>le partage et l&rsquo;\u00e9change<\/strong><\/span>. Nous sommes donc constamment en recherche de nouveaux b\u00e9n\u00e9voles, afin de cr\u00e9er davantage de <span style=\"color: #33cccc;\"><strong>partages de comp\u00e9tences et d&rsquo;exp\u00e9riences<\/strong><\/span>. Vous pouvez consulter nos <a href=\"https:\/\/www.tousbenevoles.org\/trouver-une-association-benevole\/93\/rosny-sous-bois\/fasol-10682\"><span style=\"color: #008080;\"><strong>missions de b\u00e9n\u00e9volat<\/strong><\/span><\/a>, ou <a href=\"https:\/\/fa-sol.fr\/?page_id=109\"><span style=\"color: #008080;\"><strong>nous contacter<\/strong><\/span><\/a> directement afin de discuter de ce que nous pouvons mutuellement nous apporter.\u00a0<\/p>\n<\/div>\n<\/div>\n\n\n\n<div class=\"wp-block-columns is-layout-flex wp-container-core-columns-is-layout-9d6595d7 wp-block-columns-is-layout-flex\" id=\"ancre15\">\n<div class=\"wp-block-column is-layout-flow wp-block-column-is-layout-flow\" style=\"flex-basis:100%\">\n<hr>\n<h1 style=\"text-align: center;\"><span style=\"color: #008080;\">Partenaires<\/span><\/h1>\n<h2 style=\"text-align: center;\"><span style=\"color: #33cccc;\">Nos partenaires&nbsp;<\/span><\/h2>\n<\/p>\n<p>Nos partenaires, quelque soit la nature des partenariats, sont <span style=\"color: #33cccc;\"><strong>essentiels<\/strong><\/span> \u00e0 FaSol. Ils participent tous \u00e0 <span style=\"color: #33cccc;\"><strong>la p\u00e9rennit\u00e9 et \u00e0 la vie de la structure<\/strong><\/span>, et nous leur en sommes extr\u00eamement reconnaissants. Chez FaSol nous pensons qu&rsquo;il ne peut exister de solidarit\u00e9 sans partage ni \u00e9changes. Ainsi nous remercions nos partenaires, non seulement parce qu&rsquo;ils nous font vivre, mais surtout car <strong><span style=\"color: #33cccc;\">ils font vivre la solidarit\u00e9.&nbsp;<\/span><\/strong><\/p>\n<p><img loading=\"lazy\" decoding=\"async\" class=\"aligncenter  wp-image-1314\" src=\"https:\/\/fa-sol.fr\/wp-content\/uploads\/2021\/03\/partenaires-3.jpg\" alt=\"\" width=\"801\" height=\"454\" srcset=\"https:\/\/fa-sol.fr\/wp-content\/uploads\/2021\/03\/partenaires-3.jpg 970w, https:\/\/fa-sol.fr\/wp-content\/uploads\/2021\/03\/partenaires-3-300x170.jpg 300w, https:\/\/fa-sol.fr\/wp-content\/uploads\/2021\/03\/partenaires-3-768x435.jpg 768w\" sizes=\"auto, (max-width: 801px) 100vw, 801px\" \/><\/p>\n<\/p>\n<h2 style=\"text-align: center;\"><span style=\"color: #008080;\"><span style=\"color: #33cccc;\">Financeurs<\/span>&nbsp;<\/span><\/h2>\n<\/p>\n<p><img loading=\"lazy\" decoding=\"async\" class=\"aligncenter size-full wp-image-1354\" src=\"https:\/\/fa-sol.fr\/wp-content\/uploads\/2021\/03\/financeurs-2.jpg\" alt=\"\" width=\"823\" height=\"463\" srcset=\"https:\/\/fa-sol.fr\/wp-content\/uploads\/2021\/03\/financeurs-2.jpg 823w, https:\/\/fa-sol.fr\/wp-content\/uploads\/2021\/03\/financeurs-2-300x169.jpg 300w, https:\/\/fa-sol.fr\/wp-content\/uploads\/2021\/03\/financeurs-2-768x432.jpg 768w\" sizes=\"auto, (max-width: 823px) 100vw, 823px\" \/><\/p>\n<h2>&nbsp;<\/h2>\n<h2 style=\"text-align: center;\"><span style=\"color: #33cccc;\">Bailleurs sociaux et autres&nbsp;<\/span><\/h2>\n<\/p>\n<p><img loading=\"lazy\" decoding=\"async\" class=\"aligncenter  wp-image-1233\" src=\"https:\/\/fa-sol.fr\/wp-content\/uploads\/2021\/03\/bailleurs-sociaux-et-autres.jpg\" alt=\"\" width=\"804\" height=\"403\" srcset=\"https:\/\/fa-sol.fr\/wp-content\/uploads\/2021\/03\/bailleurs-sociaux-et-autres.jpg 916w, https:\/\/fa-sol.fr\/wp-content\/uploads\/2021\/03\/bailleurs-sociaux-et-autres-300x150.jpg 300w, https:\/\/fa-sol.fr\/wp-content\/uploads\/2021\/03\/bailleurs-sociaux-et-autres-768x385.jpg 768w\" sizes=\"auto, (max-width: 804px) 100vw, 804px\" \/><\/p>\n<hr>\n<\/div>\n<\/div>\n\n\n\n<p class=\"has-text-align-center\"><strong>Associations, Financeurs et Structures non exhaustives<\/strong><\/p>\n","protected":false},"excerpt":{"rendered":"<p>Pr\u00e9sentation de l&rsquo;\u00e9quipe &#8212;- Nous rejoindre &#8212;- Partenaires Pr\u00e9sentation de l&rsquo;\u00e9quipe FaSol FaSol, c\u2019est avant tout une belle \u00e9quipe de salari\u00e9.e.s, b\u00e9n\u00e9voles, stagiaires, volontaires en service civique, partenaires et adh\u00e9rent.e.s, qui fabriquent ensemble la solidarit\u00e9 et \u0153uvrent pour un mieux-vivre ensemble. Organigramme FaSol Juin 2024 Nous rejoindre Devenir stagiaire Vous recherchez un stage ? En &#8230; <a title=\"Equipe\" class=\"read-more\" href=\"https:\/\/fa-sol.fr\/?page_id=85\">Read more<\/a><\/p>\n","protected":false},"author":1,"featured_media":0,"parent":0,"menu_order":0,"comment_status":"closed","ping_status":"closed","template":"","meta":{"footnotes":""},"class_list":["post-85","page","type-page","status-publish"],"_links":{"self":[{"href":"https:\/\/fa-sol.fr\/index.php?rest_route=\/wp\/v2\/pages\/85","targetHints":{"allow":["GET"]}}],"collection":[{"href":"https:\/\/fa-sol.fr\/index.php?rest_route=\/wp\/v2\/pages"}],"about":[{"href":"https:\/\/fa-sol.fr\/index.php?rest_route=\/wp\/v2\/types\/page"}],"author":[{"embeddable":true,"href":"https:\/\/fa-sol.fr\/index.php?rest_route=\/wp\/v2\/users\/1"}],"replies":[{"embeddable":true,"href":"https:\/\/fa-sol.fr\/index.php?rest_route=%2Fwp%2Fv2%2Fcomments&post=85"}],"version-history":[{"count":153,"href":"https:\/\/fa-sol.fr\/index.php?rest_route=\/wp\/v2\/pages\/85\/revisions"}],"predecessor-version":[{"id":1868,"href":"https:\/\/fa-sol.fr\/index.php?rest_route=\/wp\/v2\/pages\/85\/revisions\/1868"}],"wp:attachment":[{"href":"https:\/\/fa-sol.fr\/index.php?rest_route=%2Fwp%2Fv2%2Fmedia&parent=85"}],"curies":[{"name":"wp","href":"https:\/\/api.w.org\/{rel}","templated":true}]}}