{"id":515,"date":"2020-02-16T00:27:31","date_gmt":"2020-02-15T23:27:31","guid":{"rendered":"http:\/\/fa-sol.fr\/?page_id=515"},"modified":"2025-10-29T16:54:22","modified_gmt":"2025-10-29T15:54:22","slug":"accueil-2","status":"publish","type":"page","link":"https:\/\/fa-sol.fr\/","title":{"rendered":"Accueil"},"content":{"rendered":"<h1 style=\"text-align: center;\"><em><span style=\"color: #008080;\">Ensemble, <span style=\"color: #33cccc;\">Fa<\/span>briquons la <span style=\"color: #33cccc;\">Sol<\/span>idarit\u00e9<\/span><\/em><\/h1>\n<p style=\"text-align: center;\">Bienvenue chez <strong><span style=\"color: #008080;\">FaSol<\/span><\/strong>, association reconnue <strong><span style=\"color: #33cccc;\">d\u2019int\u00e9r\u00eat g\u00e9n\u00e9ral<\/span><\/strong>, qui agit pour<span style=\"color: #33cccc;\"><strong> l\u2019inclusion, l\u2019autonomie et le mieux-\u00eatre des personnes,<\/strong><\/span> dans la ville de Rosny-sous-Bois et au-del\u00e0. FaSol propose un large panel <span style=\"color: #33cccc;\"><strong>d\u2019ateliers<\/strong><\/span>, tels que des formations au num\u00e9rique, des ateliers couture et menuiserie et <span style=\"color: #33cccc;\"><strong>des animations<\/strong><\/span>\u00a0<strong><span style=\"color: #33cccc;\">jeux<\/span><\/strong> aupr\u00e8s de<strong><span style=\"color: #33cccc;\"> divers publics<\/span><\/strong> (coll\u00e9gien.ne.s, ch\u00f4meur.se.s, personnes \u00e2g\u00e9es, personnes en situation de handicap\u2026), r\u00e9alis\u00e9s au<span style=\"color: #008080;\"> <a style=\"color: #008080;\" href=\"https:\/\/fa-sol.fr\/?page_id=289\"><strong>Tiers-Lieu FaSol &amp; Si<\/strong><\/a> <\/span>ou ailleurs.<\/p>\n<\/p>\n\n\n<p><\/p>\n\n\n\n<p class=\"has-text-align-center\"><\/p>\n\n\n\n<p class=\"has-text-align-center\"><em><span style=\"color:#1e607f\" class=\"has-inline-color\"><strong>Nous serions heureux et heureuses de votre pr\u00e9sence !<\/strong><\/span><\/em><\/p>\n","protected":false},"excerpt":{"rendered":"<p>Ensemble, Fabriquons la Solidarit\u00e9 Bienvenue chez FaSol, association reconnue d\u2019int\u00e9r\u00eat g\u00e9n\u00e9ral, qui agit pour l\u2019inclusion, l\u2019autonomie et le mieux-\u00eatre des personnes, dans la ville de Rosny-sous-Bois et au-del\u00e0. FaSol propose un large panel d\u2019ateliers, tels que des formations au num\u00e9rique, des ateliers couture et menuiserie et des animations\u00a0jeux aupr\u00e8s de divers publics (coll\u00e9gien.ne.s, ch\u00f4meur.se.s, personnes &#8230; <a title=\"Accueil\" class=\"read-more\" href=\"https:\/\/fa-sol.fr\/\">Read more<\/a><\/p>\n","protected":false},"author":1,"featured_media":0,"parent":0,"menu_order":0,"comment_status":"closed","ping_status":"closed","template":"","meta":{"footnotes":""},"class_list":["post-515","page","type-page","status-publish"],"_links":{"self":[{"href":"https:\/\/fa-sol.fr\/index.php?rest_route=\/wp\/v2\/pages\/515","targetHints":{"allow":["GET"]}}],"collection":[{"href":"https:\/\/fa-sol.fr\/index.php?rest_route=\/wp\/v2\/pages"}],"about":[{"href":"https:\/\/fa-sol.fr\/index.php?rest_route=\/wp\/v2\/types\/page"}],"author":[{"embeddable":true,"href":"https:\/\/fa-sol.fr\/index.php?rest_route=\/wp\/v2\/users\/1"}],"replies":[{"embeddable":true,"href":"https:\/\/fa-sol.fr\/index.php?rest_route=%2Fwp%2Fv2%2Fcomments&post=515"}],"version-history":[{"count":146,"href":"https:\/\/fa-sol.fr\/index.php?rest_route=\/wp\/v2\/pages\/515\/revisions"}],"predecessor-version":[{"id":1942,"href":"https:\/\/fa-sol.fr\/index.php?rest_route=\/wp\/v2\/pages\/515\/revisions\/1942"}],"wp:attachment":[{"href":"https:\/\/fa-sol.fr\/index.php?rest_route=%2Fwp%2Fv2%2Fmedia&parent=515"}],"curies":[{"name":"wp","href":"https:\/\/api.w.org\/{rel}","templated":true}]}}