{"id":400,"date":"2019-08-21T12:36:23","date_gmt":"2019-08-21T10:36:23","guid":{"rendered":"http:\/\/fa-sol.fr\/?page_id=400"},"modified":"2025-02-04T13:47:28","modified_gmt":"2025-02-04T12:47:28","slug":"lassociation","status":"publish","type":"page","link":"https:\/\/fa-sol.fr\/?page_id=400","title":{"rendered":"Association"},"content":{"rendered":"\n<p><a href=\"#ancre1\">Valeurs <\/a>  &#8212;-    <a href=\"#ancre2\">Actions<\/a> &#8212;- <a href=\"#ancre3\">Objectifs <\/a>&#8212;- <a href=\"#ancre4\">Contributions (adh\u00e9sion \/ b\u00e9n\u00e9volat \/ m\u00e9c\u00e9nat<\/a> <a href=\"#ancre4\">\/ dons) <\/a>&#8212;- <a href=\"#ancrenews\">Newsletter<\/a> &#8212; <a href=\"#onparledenous\">On parle de nous ! <\/a><\/p>\n\n\n\n<div class=\"wp-block-columns are-vertically-aligned-top is-layout-flex wp-container-core-columns-is-layout-9d6595d7 wp-block-columns-is-layout-flex\">\n<div class=\"wp-block-column is-vertically-aligned-bottom is-layout-flow wp-block-column-is-layout-flow\" style=\"flex-basis:100%\">\n<div class=\"wp-block-group\"><div class=\"wp-block-group__inner-container is-layout-flow wp-block-group-is-layout-flow\">\n<h1 class=\"wp-block-heading has-text-align-center\" id=\"ancre1\"><span style=\"color: #008080;\">Valeurs<\/span><\/h1>\n\n\n\n<p><img loading=\"lazy\" decoding=\"async\" class=\"wp-image-1077 alignright\" src=\"https:\/\/fa-sol.fr\/wp-content\/uploads\/2021\/02\/IMG_20210212_145335-scaled.jpg\" alt=\"\" width=\"400\" height=\"218\" srcset=\"https:\/\/fa-sol.fr\/wp-content\/uploads\/2021\/02\/IMG_20210212_145335-scaled.jpg 2560w, https:\/\/fa-sol.fr\/wp-content\/uploads\/2021\/02\/IMG_20210212_145335-300x163.jpg 300w, https:\/\/fa-sol.fr\/wp-content\/uploads\/2021\/02\/IMG_20210212_145335-1024x558.jpg 1024w, https:\/\/fa-sol.fr\/wp-content\/uploads\/2021\/02\/IMG_20210212_145335-768x418.jpg 768w, https:\/\/fa-sol.fr\/wp-content\/uploads\/2021\/02\/IMG_20210212_145335-1536x837.jpg 1536w, https:\/\/fa-sol.fr\/wp-content\/uploads\/2021\/02\/IMG_20210212_145335-2048x1116.jpg 2048w\" sizes=\"auto, (max-width: 400px) 100vw, 400px\" \/><\/p>\n<ul>\n<li>Favoriser <strong><span style=\"color: #33cccc;\">l&rsquo;enrichissement mutuel <\/span><\/strong><span style=\"color: #000000;\">et<\/span><strong><span style=\"color: #33cccc;\"> le d\u00e9veloppement de l&rsquo;humain<\/span><\/strong> \u00e0 travers le jeu<\/li>\n<li>\u0152uvrer pour <span style=\"color: #33cccc;\"><strong>l&rsquo;insertion par l&rsquo;activit\u00e9 \u00e9conomique<\/strong><\/span> et <span style=\"color: #33cccc;\"><strong>l&rsquo;\u00e9conomie circulaire<\/strong><\/span><\/li>\n<li>Agir sur le plan <strong><span style=\"color: #33cccc;\">territorial<\/span><\/strong> pour la cr\u00e9ation et la dynamisation de<span style=\"color: #33cccc;\"><strong> lien social&nbsp;<\/strong><\/span><\/li>\n<li>Construire une <strong><span style=\"color: #33cccc;\">\u00e9conomie locale<\/span><\/strong>, ax\u00e9e vers l&rsquo;humain, en s&rsquo;ins\u00e9rant dans les principes de l&rsquo;\u00e9conomie sociale et solidaire<\/li>\n<li>S&rsquo;ins\u00e9rer dans une logique de <span style=\"color: #33cccc;\"><strong>co-construction<\/strong><\/span>&nbsp;avec les partenaires, b\u00e9n\u00e9ficiaires, salari\u00e9.e.s, aministrateur.ice.s,&nbsp; adh\u00e9rent.e.s, b\u00e9n\u00e9voles&#8230;, et privil\u00e9gier des <strong><span style=\"color: #33cccc;\">fournisseurs et partenaires issus de l&rsquo;ESS<\/span><\/strong> ou d&rsquo;autres structures sociales.&nbsp;<\/li>\n<li>Utiliser des <span style=\"color: #33cccc;\"><strong>mat\u00e9riaux de r\u00e9cup\u00e9ration<\/strong><\/span> (bois, tissus&#8230;) et des <span style=\"color: #33cccc;\"><strong>produits respectueux de l&rsquo;environnement<\/strong><\/span>, afin de donner une deuxi\u00e8me vie aux objets, \u00e0 travers la fabrication de jeux et objets pouvant \u00e0 leur tour \u00eatre recycl\u00e9s.&nbsp;<\/li>\n<li>Promouvoir <span style=\"color: #33cccc;\"><strong>l&rsquo;ESS<\/strong><\/span>, <span style=\"color: #33cccc;\"><strong>le respect de l&rsquo;environnement<\/strong><\/span> et <span style=\"color: #33cccc;\"><strong>l&rsquo;\u00e9conomie circulaire.&nbsp;<\/strong><\/span><\/li>\n<li>Promouvoir et mettre ses actions au service du<span style=\"color: #33cccc;\"><strong> r\u00e9emploi<\/strong><\/span>, et du principe que<span style=\"color: #33cccc;\"><strong> les hommes et les femmes<\/strong><\/span>, tout comme <strong><span style=\"color: #33cccc;\">les mat\u00e9riaux<\/span><\/strong>, sont plein de <span style=\"color: #33cccc;\"><strong>richesses<\/strong><\/span> et <span style=\"color: #33cccc;\"><strong>m\u00e9ritent d&rsquo;\u00eatre valoris\u00e9s<\/strong><\/span>, quelque soit leurs exp\u00e9riences, leurs dur\u00e9es de vie, leurs situations diverses.&nbsp;<\/li>\n<\/ul>\n<p>La <strong>Charte \u00e9thique de 2011<\/strong> est toujours mise en application, nous vous invitons \u00e0 consulter <a href=\"https:\/\/fa-sol.fr\/wp-content\/uploads\/2021\/03\/CHARTE-ETHIQUE-FASOL-septembre-2011.pdf\">ICI<\/a><\/p>\n<p style=\"text-align: center;\">\n\n\n\n<div class=\"wp-block-columns is-layout-flex wp-container-core-columns-is-layout-9d6595d7 wp-block-columns-is-layout-flex\">\n<div class=\"wp-block-column is-layout-flow wp-block-column-is-layout-flow\" style=\"flex-basis:100%\" id=\"ancre2\"><\/div>\n<\/div>\n\n\n\n<\/p>\n<hr>\n<h1 style=\"text-align: center;\"><span style=\"color: #008080;\">Actions<\/span><\/h1>\n<p>Les actions de FaSol se divisent en 3 p\u00f4les :&nbsp;<\/p>\n<ul>\n<li><a href=\"https:\/\/fa-sol.fr\/?page_id=81\"><span style=\"color: #008080;\"><strong>Les ateliers<\/strong><\/span><\/a>,&nbsp;effectu\u00e9s principalement au <a href=\"https:\/\/fa-sol.fr\/?page_id=289\"><span style=\"color: #008080;\"><strong>Tiers-Lieu FaSol &amp; Si<\/strong> <\/span><\/a>ou \u00e0 la menuiserie, par les acteur.ice.s de FaSol et\/ou ses partenaires, en r\u00e9ponse aux diff\u00e9rents besoins identifi\u00e9s<\/li>\n<li><a href=\"https:\/\/fa-sol.fr\/?page_id=81\"><strong><span style=\"color: #008080;\">Les animations th\u00e9matiques<\/span><\/strong><\/a>&nbsp;avec les jeux FaSol comme <span style=\"color: #33cccc;\"><strong>m\u00e9diateurs<\/strong><\/span>, dans des structures de l\u2019Ile-de-France<\/li>\n<li><a href=\"https:\/\/fa-sol.fr\/?page_id=448\"><strong><span style=\"color: #008080;\">Les jeux et objets en bois<\/span><\/strong><\/a>, r\u00e9alis\u00e9es sur demande pour<span style=\"color: #008080;\"> <a style=\"color: #008080;\" href=\"https:\/\/fa-sol.fr\/?page_id=1437\"><strong>la vente <\/strong><\/a><\/span>et pour enrichir la gamme de jeux FaSol , disponibles aussi en <span style=\"color: #008080;\"><a style=\"color: #008080;\" href=\"https:\/\/fa-sol.fr\/?page_id=1437\"><strong>location<\/strong><\/a><\/span><\/li>\n<\/ul>\n<hr>\n\n\n\n<div class=\"wp-block-columns is-layout-flex wp-container-core-columns-is-layout-9d6595d7 wp-block-columns-is-layout-flex\" id=\"ancre3\">\n<div class=\"wp-block-column is-layout-flow wp-block-column-is-layout-flow\" style=\"flex-basis:100%\">\n<h1 style=\"text-align: center;\"><span style=\"color: #008080;\">Objectifs&nbsp;<\/span><\/h1>\n<\/p>\n<p>A travers ses actions, l\u2019association poursuit plusieurs objectifs :&nbsp;<\/p>\n<ul>\n<li aria-level=\"1\"><span style=\"color: #33cccc;\"><b>Favoriser le mieux-\u00eatre<\/b><\/span> des personnes de la ville de Rosny-sous-Bois et de toute l&rsquo;Ile-De-France<\/li>\n<li aria-level=\"1\">Participer, \u00e0 travers le jeu, \u00e0 <span style=\"color: #33cccc;\"><strong>r\u00e9pondre aux divers besoins<\/strong><\/span> des personnes en demande<\/li>\n<li aria-level=\"1\"><span style=\"color: #33cccc;\"><b>Agir pour l\u2019autonomie et l\u2019inclusion<\/b><\/span><\/li>\n<li aria-level=\"1\">Construire un lieu de rencontre et de formation pour&nbsp;<span style=\"color: #33cccc;\"><b>favoriser le lien social entre habitant.e.s<\/b><\/span><\/li>\n<li aria-level=\"1\">Int\u00e9grer&nbsp;<span style=\"color: #33cccc;\"><b>l\u2019\u00e9cologie<\/b><\/span>, dont&nbsp;<span style=\"color: #33cccc;\"><b>l\u2019\u00e9conomie circulaire<\/b>,<\/span> dans ses pratiques quotidiennes et celles de chacun.e<\/li>\n<li aria-level=\"1\">Contribuer \u00e0 l\u2019essor de l&rsquo;\u00c9conomie Solidaire comme levier pour&nbsp;<span style=\"color: #33cccc;\"><span style=\"color: #33cccc;\"><b>favoriser la sortie du plus grand nombre de personnes possible de leurs situations pr\u00e9caires<\/b><\/span><\/span><br \/><b><\/b><\/li>\n<li aria-level=\"1\">Aider les personnes \u00e0<span style=\"color: #33cccc;\"><strong> lever leurs freins vers l&#8217;emploi<\/strong><\/span><\/li>\n<\/ul>\n<\/div>\n<\/div>\n<\/div><\/div>\n<\/div>\n<\/div>\n\n\n\n<div class=\"wp-block-columns is-layout-flex wp-container-core-columns-is-layout-9d6595d7 wp-block-columns-is-layout-flex\" id=\"ancre4\">\n<div class=\"wp-block-column is-layout-flow wp-block-column-is-layout-flow\" style=\"flex-basis:100%\">\n<hr \/>\n<h1 style=\"text-align: center;\"><span style=\"color: #008080;\">Contributions\u00a0<\/span><\/h1>\n<h2 style=\"text-align: center;\"><span style=\"color: #33cccc;\">Adh\u00e9sion<\/span><\/h2>\n<p><span style=\"font-weight: 400;\">En adh\u00e9rant, vous <strong><span style=\"color: #33cccc;\">soutenez les projets<\/span><\/strong> de l\u2019association et <strong><span style=\"color: #33cccc;\">contribuez au mieux-\u00eatre des b\u00e9n\u00e9ficiaires<\/span><\/strong>. Vous pourrez aussi participer \u00e0 la vie de l\u2019association, notamment en prenant part aux d\u00e9cisions de l\u2019Assembl\u00e9e G\u00e9n\u00e9rale (selon le principe : un.e adh\u00e9rent.e=une voix), et \/ ou en proposant votre candidature pour faire partie du Conseil d&rsquo;Administration.\u00a0<\/span><\/p>\n<p><span style=\"font-weight: 400;\">Vos dons et vos adh\u00e9sions sont <strong><span style=\"color: #33cccc;\">essentiels<\/span><\/strong> pour soutenir FaSol dans la poursuite de ses projets.<\/span><\/p>\n<h2 style=\"text-align: center;\"><span style=\"color: #33cccc;\">B\u00e9n\u00e9volat<\/span><\/h2>\n<blockquote>\n<p style=\"text-align: center;\"><span style=\"color: #008080;\"><i><span style=\"font-weight: 400;\">\u00ab Le b\u00e9n\u00e9volat, c\u2019est l\u2019art de la gratuit\u00e9 du c\u0153ur, du geste et du temps \u00bb,<\/span><\/i><\/span><\/p>\n<p style=\"text-align: center;\"><span style=\"color: #008080;\"><i><span style=\"font-weight: 400;\">Jean-Yves Mouret<\/span><\/i><\/span><\/p>\n<\/blockquote>\n<p><span style=\"font-weight: 400;\">FaSol recherche <strong><span style=\"color: #33cccc;\">des b\u00e9n\u00e9voles de tous \u00e2ges<\/span><\/strong>, pour les initier au travail du bois, \u00e0 la couture, et \u00e0 l\u2019animation, pour b\u00e9n\u00e9ficier de leur exp\u00e9rience \/ comp\u00e9tence en d\u00e9veloppement, communication, animation, num\u00e9rique, fabrication, conception, administration, comptabilit\u00e9 et <strong><span style=\"color: #33cccc;\">contribuer ainsi \u00e0 la p\u00e9rennit\u00e9 de la structure<\/span><\/strong>.<\/span><\/p>\n<p>FaSol accueille aussi comme b\u00e9n\u00e9vole des personnes en reconversion professionnelle et\/ou en recherche d\u2019emploi qui, via le b\u00e9n\u00e9volat, d\u00e9couvrent ou confirment une piste nouvelle vers l\u2019emploi ou la formation.<\/p>\n<p>Consultez nos <a href=\"https:\/\/www.tousbenevoles.org\/trouver-une-association-benevole\/93\/rosny-sous-bois\/fasol-10682\"><span style=\"color: #008080;\"><strong>offres de b\u00e9n\u00e9volat<\/strong><\/span><\/a>. Nous serions ravi.e.s de vous accueillir et de b\u00e9n\u00e9ficier de votre temps et de vos comp\u00e9tences, m\u00eame en dehors des missions r\u00e9f\u00e9renc\u00e9es, alors n&rsquo;h\u00e9sitez pas \u00e0 <a href=\"https:\/\/fa-sol.fr\/?page_id=109\"><span style=\"color: #008080;\"><strong>nous contacter<\/strong><\/span><\/a>.<\/p>\n<h2 style=\"text-align: center;\"><span style=\"color: #33cccc;\"><strong>M\u00e9c\u00e9nat\u00a0<\/strong><\/span><\/h2>\n<p>FaSol souhaite enrichir ses partenariats avec des fondations et entreprises, afin de b\u00e9n\u00e9ficier de leurs ressources et de leurs comp\u00e9tences dans de nombreux domaines (num\u00e9rique, communication, gestion&#8230;)\u00a0<\/p>\n<p>Vous \u00eates une entreprise, une fondation, un organisme priv\u00e9 ou public ? Vous souhaitez mettre des ressources, humaines ou financi\u00e8res au service d&rsquo;une association agissant pour l&rsquo;int\u00e9r\u00eat g\u00e9n\u00e9ral et l&rsquo;\u00e9cologie? Alors n&rsquo;h\u00e9sitez pas \u00e0 <a href=\"https:\/\/fa-sol.fr\/?page_id=109\"><strong><span style=\"color: #008080;\">nous contacter<\/span><\/strong><\/a>, nous serons ravi.e.s de faire votre connaissance.\u00a0<\/p>\n<h2 style=\"text-align: center;\"><span style=\"color: #33cccc;\">Dons<\/span><\/h2>\n<p>Si vous aussi vous croyez aux valeurs de FaSol et partagez ses objectifs, alors contribuez donc en adh\u00e9rant, et , si vous le souhaitez, par un don mat\u00e9riel ou financier.\u00a0<\/p>\n<p><span style=\"color: #33cccc;\"><b>Don mat\u00e9riel\u00a0<\/b><\/span><\/p>\n<p>Si vous avez des meubles en bois dont vous souhaitez vous d\u00e9barrasser, des tissus, du mat\u00e9riel num\u00e9rique\u2026\u00a0<span style=\"color: #008080;\"><a style=\"color: #008080;\" href=\"https:\/\/fa-sol.fr\/?page_id=87\"><b>Contactez-nous<\/b><\/a><\/span><\/p>\n<p><span style=\"color: #33cccc;\"><b>Don financier\u00a0<\/b><\/span><\/p>\n<p>L\u2019ensemble des dons r\u00e9colt\u00e9s est vers\u00e9 au profit des projets FaSol, sans aucune r\u00e9mun\u00e9ration des administrateur.ice.s qui s\u2019impliquent tou.te.s b\u00e9n\u00e9volement. De plus, tout donateur.ice b\u00e9n\u00e9ficie d\u2019un re\u00e7u de don\u00a0<span style=\"color: #33cccc;\"><b>pour un avantage fiscal \u00e0 hauteur de 66% du montant<\/b><\/span>, dans la limite de 20% de vos revenus imposables [1].<\/p>\n<figure><img loading=\"lazy\" decoding=\"async\" class=\"size-full wp-image-610 aligncenter\" src=\"https:\/\/fa-sol.fr\/wp-content\/uploads\/2020\/03\/Tableau-1.png\" alt=\"\" width=\"686\" height=\"68\" srcset=\"https:\/\/fa-sol.fr\/wp-content\/uploads\/2020\/03\/Tableau-1.png 686w, https:\/\/fa-sol.fr\/wp-content\/uploads\/2020\/03\/Tableau-1-300x30.png 300w\" sizes=\"auto, (max-width: 686px) 100vw, 686px\" \/><\/figure>\n<p>[1]\u00a0<a href=\"http:\/\/www.legifrance.gouv.fr\/affichCodeArticle.do?idArticle=LEGIARTI000006314785&amp;cidTexte=LEGITEXT000006069577&amp;dateTexte=20080117\" target=\"_blank\" rel=\"noopener noreferrer\">Code g\u00e9n\u00e9ral des imp\u00f4ts, CGI. \u2013 Art. 200<\/a><br \/><a href=\"http:\/\/vosdroits.service-public.fr\/particuliers\/F426.xhtml\" target=\"_blank\" rel=\"noopener noreferrer\">Imp\u00f4t sur le revenu \u2013 r\u00e9duction pour dons \u00e0 des organismes d\u2019int\u00e9r\u00eat g\u00e9n\u00e9ral<\/a><\/p>\n<p>Faites un don du montant de votre choix, et FaSol vous adressera\u00a0<span style=\"color: #33cccc;\"><strong>un re\u00e7u fiscal<\/strong><\/span>\u00a0par voie postale ou par email, \u00e0 votre convenance, tout au long de l\u2019ann\u00e9e, sur simple demande.\u00a0<span style=\"color: #008080;\"><a style=\"color: #008080;\" href=\"https:\/\/fa-sol.fr\/?page_id=87\"><strong>Contactez-nous<\/strong><\/a><\/span><\/p>\n<p style=\"text-align: center;\"><span style=\"color: #008080;\"><a style=\"color: #008080;\" href=\"https:\/\/fa-sol.fr\/wp-content\/uploads\/2021\/02\/FaSol-Bulletin-de-don.pdf\"><strong>FaSol &#8211; Bulletin de don<\/strong><\/a><\/span><\/p>\n<p>Tous vos dons seront tr\u00e8s utiles, m\u00eame de quelques euros, et nous vous en remercions.<br \/>En plus, vous rejoindrez l\u2019\u00e9quipe des Amis de FaSol et serez inform\u00e9s de toutes les nouveaut\u00e9s !<\/p>\n<p>Trois m\u00e9thodes simples pour r\u00e9aliser un don financier :\u00a0<\/p>\n<p><strong><span style=\"color: #33cccc;\">Par courrier<\/span>\u00a0:\u00a0<\/strong>Poster le formulaire rempli avec un ch\u00e8que\u00a0 \u00e0 l\u2019ordre de Association FaSol \u2013 2 rue de Colmar \u2013 93110 Rosny-sous-Bois<\/p>\n<p><span style=\"color: #33cccc;\"><strong>Par virement<span style=\"color: #000000;\">\u00a0:<\/span><\/strong><\/span><br \/>Titulaire du compte : FaSol.- .Banque : Cr\u00e9dit Mutuel<br \/>Domiciliation : CCM Rosny-sous-bois \u2013 20, rue du G\u00e9n\u00e9ral Galli\u00e9ni \u2013 93110 Rosny-sous-Bois.<br \/>Sur le compte :\u00a0<\/p>\n<p><a href=\"https:\/\/fa-sol.fr\/wp-admin\/post.php?post=400&amp;action=edit#adherer\"><img loading=\"lazy\" decoding=\"async\" class=\"alignnone size-full wp-image-608\" src=\"https:\/\/fa-sol.fr\/wp-content\/uploads\/2020\/03\/tableau-3.png\" alt=\"\" width=\"583\" height=\"45\" srcset=\"https:\/\/fa-sol.fr\/wp-content\/uploads\/2020\/03\/tableau-3.png 583w, https:\/\/fa-sol.fr\/wp-content\/uploads\/2020\/03\/tableau-3-300x23.png 300w\" sizes=\"auto, (max-width: 583px) 100vw, 583px\" \/><\/a><\/p>\n<p><strong><span style=\"color: #33cccc;\">En ligne<\/span>\u00a0:\u00a0\u00a0<\/strong><a href=\"https:\/\/www.helloasso.com\/associations\/fasol\/adhesions\/adhesion-fasol-2025\" target=\"_blank\" rel=\"noopener noreferrer\">Formulaire de renseignements HelloAsso<\/a><\/p>\n\n\n\n<p><\/p>\n<\/div>\n<\/div>\n\n\n\n<div class=\"wp-block-columns is-layout-flex wp-container-core-columns-is-layout-9d6595d7 wp-block-columns-is-layout-flex\" id=\"ancrenews\">\n<div class=\"wp-block-column is-layout-flow wp-block-column-is-layout-flow\" style=\"flex-basis:100%\">\n<h1 style=\"text-align: center;\"><span style=\"color: #008080;\">Newsletters<\/span><\/h1>\n<p>Pour vous en montrer plus sur nos actions, notre quotidien, ou bien sur la vie de l&rsquo;association, nous mettons \u00e0 disposition les newsletters que nous r\u00e9digeons chaque mois. D\u00e9couvrez en ce moment notre newsletter du <a href=\"https:\/\/sh1.sendinblue.com\/ag2yzxvmv9pfe.html?t=1725537309976\">mois du septembre 2024.\u00a0<\/a><\/p>\n<\/div>\n<\/div>\n\n\n\n<div class=\"wp-block-columns is-layout-flex wp-container-core-columns-is-layout-9d6595d7 wp-block-columns-is-layout-flex\">\n<div class=\"wp-block-column is-layout-flow wp-block-column-is-layout-flow\" style=\"flex-basis:100%\" id=\"onparledenous\">\n<h2 style=\"text-align: center;\"><span style=\"color: #008080;\">On parle de nous !&nbsp;<\/span><\/h2>\n<p>FaSol est mentionn\u00e9e dans le <a href=\"https:\/\/www.guidestao.com\/blogs\/actualites-tourisme-durable\/decouvrez-le-guide-tao-france-2-000-idees-et-adresses-pour-voyager-engage\">Guide Tao,<\/a> l&rsquo;ouvrage qui vous fait d\u00e9couvrir le tourisme durable en France ! L&rsquo;association figure dans la rubrique \u00ab\u00a0Agir\u00a0\u00bb, pour les personnes souhaitant faire du b\u00e9n\u00e9volat durable !&nbsp;<\/p>\n<p><img loading=\"lazy\" decoding=\"async\" class=\"aligncenter  wp-image-1506\" src=\"https:\/\/fa-sol.fr\/wp-content\/uploads\/2021\/04\/Guide-Tao-page-FaSol.png\" alt=\"\" width=\"617\" height=\"502\" srcset=\"https:\/\/fa-sol.fr\/wp-content\/uploads\/2021\/04\/Guide-Tao-page-FaSol.png 1096w, https:\/\/fa-sol.fr\/wp-content\/uploads\/2021\/04\/Guide-Tao-page-FaSol-300x244.png 300w, https:\/\/fa-sol.fr\/wp-content\/uploads\/2021\/04\/Guide-Tao-page-FaSol-1024x833.png 1024w, https:\/\/fa-sol.fr\/wp-content\/uploads\/2021\/04\/Guide-Tao-page-FaSol-768x625.png 768w\" sizes=\"auto, (max-width: 617px) 100vw, 617px\" \/><\/p>\n<\/div>\n<\/div>\n\n\n\n<p>FaSol &amp; Si, le tiers-lieu de l&rsquo;association, appara\u00eet \u00e9galement dans un article du journal d\u00e9partemental In Seine-Saint-Denis, que vous pouvez consulter en cliquant<a href=\"https:\/\/inseinesaintdenis.fr\/a-rosny-avec-son-tiers-lieux-in-seine-saint-denis-fasol-rajoute-une-note-a-la-solidarite\"> ICI<\/a>. <\/p>\n","protected":false},"excerpt":{"rendered":"<p>Valeurs &#8212;- Actions &#8212;- Objectifs &#8212;- Contributions (adh\u00e9sion \/ b\u00e9n\u00e9volat \/ m\u00e9c\u00e9nat \/ dons) &#8212;- Newsletter &#8212; On parle de nous ! Valeurs Favoriser l&rsquo;enrichissement mutuel et le d\u00e9veloppement de l&rsquo;humain \u00e0 travers le jeu \u0152uvrer pour l&rsquo;insertion par l&rsquo;activit\u00e9 \u00e9conomique et l&rsquo;\u00e9conomie circulaire Agir sur le plan territorial pour la cr\u00e9ation et la dynamisation &#8230; <a title=\"Association\" class=\"read-more\" href=\"https:\/\/fa-sol.fr\/?page_id=400\">Read more<\/a><\/p>\n","protected":false},"author":1,"featured_media":0,"parent":0,"menu_order":0,"comment_status":"closed","ping_status":"closed","template":"","meta":{"footnotes":""},"class_list":["post-400","page","type-page","status-publish"],"_links":{"self":[{"href":"https:\/\/fa-sol.fr\/index.php?rest_route=\/wp\/v2\/pages\/400","targetHints":{"allow":["GET"]}}],"collection":[{"href":"https:\/\/fa-sol.fr\/index.php?rest_route=\/wp\/v2\/pages"}],"about":[{"href":"https:\/\/fa-sol.fr\/index.php?rest_route=\/wp\/v2\/types\/page"}],"author":[{"embeddable":true,"href":"https:\/\/fa-sol.fr\/index.php?rest_route=\/wp\/v2\/users\/1"}],"replies":[{"embeddable":true,"href":"https:\/\/fa-sol.fr\/index.php?rest_route=%2Fwp%2Fv2%2Fcomments&post=400"}],"version-history":[{"count":129,"href":"https:\/\/fa-sol.fr\/index.php?rest_route=\/wp\/v2\/pages\/400\/revisions"}],"predecessor-version":[{"id":1886,"href":"https:\/\/fa-sol.fr\/index.php?rest_route=\/wp\/v2\/pages\/400\/revisions\/1886"}],"wp:attachment":[{"href":"https:\/\/fa-sol.fr\/index.php?rest_route=%2Fwp%2Fv2%2Fmedia&parent=400"}],"curies":[{"name":"wp","href":"https:\/\/api.w.org\/{rel}","templated":true}]}}