{"id":320,"date":"2019-08-13T14:58:27","date_gmt":"2019-08-13T12:58:27","guid":{"rendered":"http:\/\/fa-sol.fr\/?page_id=320"},"modified":"2019-08-14T11:59:19","modified_gmt":"2019-08-14T09:59:19","slug":"benevolat-ebenisterie","status":"publish","type":"page","link":"https:\/\/fa-sol.fr\/?page_id=320","title":{"rendered":"B\u00e9n\u00e9volat \u00c9b\u00e9nisterie"},"content":{"rendered":"<p>L\u2019association FaSol recherche des b\u00e9n\u00e9voles pour d\u00e9velopper ensemble nos prestations en \u00e9b\u00e9nisterie.<\/p>\n<p>Le bricolage suppose un int\u00e9r\u00eat pour le domaine plus qu\u2019une expertise. L\u2019objectif de la mission est de vous permettre d\u2019acqu\u00e9rir progressivement un savoir-faire.<\/p>\n<p>FaSol recherche des personnes tr\u00e8s motiv\u00e9es, pr\u00eates \u00e0 s\u2019investir en mettant \u00e0 disposition leur temps et leurs comp\u00e9tences au profit du d\u00e9veloppement durable\u00a0(recycler des d\u00e9chets de bois pour cr\u00e9er des jeux et des objets)<\/p>\n<h3>Connaissances<\/h3>\n<ul>\n<li>Savoir utiliser des outils<\/li>\n<li>Avoir des connaissances techniques<\/li>\n<li>Connaitre les mat\u00e9riaux de travail<\/li>\n<li>Effectuer les trac\u00e9s en employant les outils adapt\u00e9s (r\u00e8gles, compas, \u00e9querre)<\/li>\n<li>Utilisation de machine-outil<\/li>\n<\/ul>\n<h3>Competences<\/h3>\n<ul>\n<li>Travailler le bois, bricoler dans votre temps libre<\/li>\n<li>Fabriquer des objets en bois (jeux, jouets, utilitaires)<\/li>\n<li>Tracer sur le bois la forme \u00e0 fa\u00e7onner<\/li>\n<li>Assembler les pi\u00e8ces d&rsquo;objets<\/li>\n<li>R\u00e9aliser les finitions (pon\u00e7age, peinture, d\u00e9coration, vernissage)<\/li>\n<li>Veiller au respect des r\u00e8gles de s\u00e9curit\u00e9 et de l&rsquo;atelier<strong><br \/>\n<\/strong><\/li>\n<\/ul>\n<h3><strong>Qualit\u00e9s<\/strong><\/h3>\n<ul>\n<li>Imagination, cr\u00e9ativit\u00e9<\/li>\n<li>Observation, patience<\/li>\n<li>Pr\u00e9cision, attention<\/li>\n<\/ul>\n<div class=\"col-sm-6 col-xs-12 panel-default\">\n<div class=\"panel-heading\">\n<h3 class=\"panel-title\">Disponibilit\u00e9 demand\u00e9e<\/h3>\n<\/div>\n<div class=\"panel-body\">\n<p>2h \u00e0 3h par semaine ou par mois<\/p>\n<h3>Informations cl\u00e9s<\/h3>\n<ul>\n<li>Type de mission : Travaux manuels<\/li>\n<li>Public :\u00a0 Adultes ( \u00e0 partir de 18 ans )<\/li>\n<li>Mission permanente ou ponctuelle<\/li>\n<li>R\u00e9alisable en groupe<\/li>\n<li>R\u00e9alisable en journ\u00e9e<\/li>\n<\/ul>\n<h3>Nos v\u0153ux<\/h3>\n<p>Nous souhaitons accueillir \u00e0 FaSol un b\u00e9n\u00e9vole d\u00e9sireux de s&rsquo;engager dans un projet social. Nous recherchons avant tout un partage. L&rsquo;exp\u00e9rience que nous allons partager devra aussi bien servir d&rsquo;opportunit\u00e9 personnelle pour notre b\u00e9n\u00e9vole que de moyens d&rsquo;\u00e9tendre l&rsquo;action sociale qui est la n\u00f4tre. Nous fonctionnons en \u00e9quipe tout en permettant une autonomie indispensable \u00e0 chaque membre du groupe. Nous vous laissons une grande marge de man\u0153uvre concernant l&rsquo;organisation de votre planning : un contact r\u00e9gulier, une disponibilit\u00e9 de quelques heures par semaine ou par mois seraient tr\u00e8s appr\u00e9ci\u00e9s. Nous esp\u00e9rons tr\u00e8s bient\u00f4t\u00a0vous compter parmi nous, pour qu&rsquo;ensemble nous puissions nous rendre utiles pour un projet d&rsquo;int\u00e9r\u00eat g\u00e9n\u00e9ral.<\/p>\n<\/div>\n<\/div>\n","protected":false},"excerpt":{"rendered":"<p>L\u2019association FaSol recherche des b\u00e9n\u00e9voles pour d\u00e9velopper ensemble nos prestations en \u00e9b\u00e9nisterie. Le bricolage suppose un int\u00e9r\u00eat pour le domaine plus qu\u2019une expertise. L\u2019objectif de la mission est de vous permettre d\u2019acqu\u00e9rir progressivement un savoir-faire. FaSol recherche des personnes tr\u00e8s motiv\u00e9es, pr\u00eates \u00e0 s\u2019investir en mettant \u00e0 disposition leur temps et leurs comp\u00e9tences au profit &#8230; <a title=\"B\u00e9n\u00e9volat \u00c9b\u00e9nisterie\" class=\"read-more\" href=\"https:\/\/fa-sol.fr\/?page_id=320\">Read more<\/a><\/p>\n","protected":false},"author":1,"featured_media":0,"parent":0,"menu_order":0,"comment_status":"closed","ping_status":"closed","template":"","meta":{"footnotes":""},"class_list":["post-320","page","type-page","status-publish"],"_links":{"self":[{"href":"https:\/\/fa-sol.fr\/index.php?rest_route=\/wp\/v2\/pages\/320","targetHints":{"allow":["GET"]}}],"collection":[{"href":"https:\/\/fa-sol.fr\/index.php?rest_route=\/wp\/v2\/pages"}],"about":[{"href":"https:\/\/fa-sol.fr\/index.php?rest_route=\/wp\/v2\/types\/page"}],"author":[{"embeddable":true,"href":"https:\/\/fa-sol.fr\/index.php?rest_route=\/wp\/v2\/users\/1"}],"replies":[{"embeddable":true,"href":"https:\/\/fa-sol.fr\/index.php?rest_route=%2Fwp%2Fv2%2Fcomments&post=320"}],"version-history":[{"count":4,"href":"https:\/\/fa-sol.fr\/index.php?rest_route=\/wp\/v2\/pages\/320\/revisions"}],"predecessor-version":[{"id":348,"href":"https:\/\/fa-sol.fr\/index.php?rest_route=\/wp\/v2\/pages\/320\/revisions\/348"}],"wp:attachment":[{"href":"https:\/\/fa-sol.fr\/index.php?rest_route=%2Fwp%2Fv2%2Fmedia&parent=320"}],"curies":[{"name":"wp","href":"https:\/\/api.w.org\/{rel}","templated":true}]}}