{"id":109,"date":"2019-08-06T09:38:37","date_gmt":"2019-08-06T07:38:37","guid":{"rendered":"http:\/\/fa-sol.fr\/?page_id=109"},"modified":"2025-10-29T15:49:57","modified_gmt":"2025-10-29T14:49:57","slug":"plan-dacces","status":"publish","type":"page","link":"https:\/\/fa-sol.fr\/?page_id=109","title":{"rendered":"Contact \/ Plan d&rsquo;acc\u00e8s"},"content":{"rendered":"<h1 style=\"text-align: center;\"><span style=\"color: #008080;\">Contact<\/span><\/h1>\n<p>Pour toute demande, contactez-nous : nous serons ravis de faire votre connaissance !<\/p>\n<p><strong><span style=\"color: #33cccc;\">Par t\u00e9l\u00e9phone<\/span><\/strong> : 09 51 99 67 50 ou 06 81 94 46 77<\/p>\n\n<div class=\"wpcf7 no-js\" id=\"wpcf7-f93-o1\" lang=\"en-US\" dir=\"ltr\" data-wpcf7-id=\"93\">\n<div class=\"screen-reader-response\"><p role=\"status\" aria-live=\"polite\" aria-atomic=\"true\"><\/p> <ul><\/ul><\/div>\n<form action=\"\/index.php?rest_route=%2Fwp%2Fv2%2Fpages%2F109#wpcf7-f93-o1\" method=\"post\" class=\"wpcf7-form init\" aria-label=\"Contact form\" novalidate=\"novalidate\" data-status=\"init\">\n<fieldset class=\"hidden-fields-container\"><input type=\"hidden\" name=\"_wpcf7\" value=\"93\" \/><input type=\"hidden\" name=\"_wpcf7_version\" value=\"6.1.5\" \/><input type=\"hidden\" name=\"_wpcf7_locale\" value=\"en_US\" \/><input type=\"hidden\" name=\"_wpcf7_unit_tag\" value=\"wpcf7-f93-o1\" \/><input type=\"hidden\" name=\"_wpcf7_container_post\" value=\"0\" \/><input type=\"hidden\" name=\"_wpcf7_posted_data_hash\" value=\"\" \/>\n<\/fieldset>\n<p><label> Votre Nom \/ Pr\u00e9nom (obligatoire)<br \/>\n<span class=\"wpcf7-form-control-wrap\" data-name=\"your-name\"><input size=\"40\" maxlength=\"400\" class=\"wpcf7-form-control wpcf7-text wpcf7-validates-as-required\" aria-required=\"true\" aria-invalid=\"false\" value=\"\" type=\"text\" name=\"your-name\" \/><\/span> <\/label>\n<\/p>\n<p><label> Votre mail (obligatoire)<br \/>\n<span class=\"wpcf7-form-control-wrap\" data-name=\"your-email\"><input size=\"40\" maxlength=\"400\" class=\"wpcf7-form-control wpcf7-email wpcf7-validates-as-required wpcf7-text wpcf7-validates-as-email\" aria-required=\"true\" aria-invalid=\"false\" value=\"\" type=\"email\" name=\"your-email\" \/><\/span> <\/label>\n<\/p>\n<p><label> Sujet<br \/>\n<span class=\"wpcf7-form-control-wrap\" data-name=\"your-subject\"><input size=\"40\" maxlength=\"400\" class=\"wpcf7-form-control wpcf7-text\" aria-invalid=\"false\" value=\"\" type=\"text\" name=\"your-subject\" \/><\/span> <\/label>\n<\/p>\n<p><label> Votre message<br \/>\n<span class=\"wpcf7-form-control-wrap\" data-name=\"your-message\"><textarea cols=\"40\" rows=\"10\" maxlength=\"2000\" class=\"wpcf7-form-control wpcf7-textarea\" aria-invalid=\"false\" name=\"your-message\"><\/textarea><\/span> <\/label>\n<\/p>\n<p><input class=\"wpcf7-form-control wpcf7-submit has-spinner\" type=\"submit\" value=\"Envoyer\" \/>\n<\/p><p style=\"display: none !important;\" class=\"akismet-fields-container\" data-prefix=\"_wpcf7_ak_\"><label>&#916;<textarea name=\"_wpcf7_ak_hp_textarea\" cols=\"45\" rows=\"8\" maxlength=\"100\"><\/textarea><\/label><input type=\"hidden\" id=\"ak_js_1\" name=\"_wpcf7_ak_js\" value=\"74\"\/><script>\ndocument.getElementById( \"ak_js_1\" ).setAttribute( \"value\", ( new Date() ).getTime() );\n<\/script>\n<\/p><div class=\"wpcf7-response-output\" aria-hidden=\"true\"><\/div>\n<\/form>\n<\/div>\n\n<hr \/>\n<h1 style=\"text-align: center;\"><span style=\"color: #008080;\">Acc\u00e8s<\/span><strong><br \/>\n<\/strong><\/h1>\n<h3><span style=\"color: #33cccc;\"><strong>Adresse<\/strong><\/span><\/h3>\n<p>2, rue de Colmar &#8211; 93110 Rosny-sous-Bois<\/p>\n<h3 class=\"date\" title=\"2003-03-21T23:00:00Z\"><span style=\"color: #008080;\">Comment venir \u00e0 l&rsquo;Association FaSol ?<\/span><\/h3>\n<p style=\"text-align: left;\"><strong><img loading=\"lazy\" decoding=\"async\" class=\"wp-image-1745  alignnone\" src=\"https:\/\/fa-sol.fr\/wp-content\/uploads\/2024\/01\/9e0ceaa0-1ab2-48bf-873e-b701acbcecfc.png\" alt=\"\" width=\"118\" height=\"74\" srcset=\"https:\/\/fa-sol.fr\/wp-content\/uploads\/2024\/01\/9e0ceaa0-1ab2-48bf-873e-b701acbcecfc.png 400w, https:\/\/fa-sol.fr\/wp-content\/uploads\/2024\/01\/9e0ceaa0-1ab2-48bf-873e-b701acbcecfc-300x188.png 300w\" sizes=\"auto, (max-width: 118px) 100vw, 118px\" \/><\/strong>RER A arr\u00eat Val de Fontenay, puis bus 145 arr\u00eat Rue du Rhin<br \/>\n<strong><img loading=\"lazy\" decoding=\"async\" class=\"wp-image-1744  alignnone\" src=\"https:\/\/fa-sol.fr\/wp-content\/uploads\/2024\/01\/logo-mode_rer-e.png\" alt=\"\" width=\"118\" height=\"57\" srcset=\"https:\/\/fa-sol.fr\/wp-content\/uploads\/2024\/01\/logo-mode_rer-e.png 416w, https:\/\/fa-sol.fr\/wp-content\/uploads\/2024\/01\/logo-mode_rer-e-300x145.png 300w\" sizes=\"auto, (max-width: 118px) 100vw, 118px\" \/><\/strong>RER E arr\u00eat Rosny-sous-Bois, puis bus 145 arr\u00eat Rue du Rhin ou Titus 1 arr\u00eat Sainte Odile<\/p>\n<p><iframe loading=\"lazy\" src=\"https:\/\/maps.google.fr\/maps?oe=utf-8&amp;client=firefox-a&amp;q=2,+all%C3%A9e+de+Colmar+%E2%80%93+93110+Rosny-Sous-Bois&amp;ie=UTF8&amp;hq=&amp;hnear=2+Rue+de+Colmar,+93110+Rosny-Sous-Bois,+Seine-Saint-Denis,+%C3%8Ele-de-France&amp;gl=fr&amp;t=m&amp;z=14&amp;ll=48.868038,2.498438&amp;output=embed\" width=\"425\" height=\"350\" frameborder=\"0\" marginwidth=\"0\" marginheight=\"0\" scrolling=\"no\"><\/iframe><br \/>\n<small><a style=\"color: #0000ff; text-align: left;\" href=\"https:\/\/maps.google.fr\/maps?oe=utf-8&amp;client=firefox-a&amp;q=2,+all%C3%A9e+de+Colmar+%E2%80%93+93110+Rosny-Sous-Bois&amp;ie=UTF8&amp;hq=&amp;hnear=2+Rue+de+Colmar,+93110+Rosny-Sous-Bois,+Seine-Saint-Denis,+%C3%8Ele-de-France&amp;gl=fr&amp;t=m&amp;z=14&amp;ll=48.868038,2.498438&amp;source=embed\">Agrandir le plan<\/a><\/small><\/p>\n<h3 class=\"LC20lb\"><span style=\"color: #33cccc;\"><strong>Horaires de l&rsquo;\u00e9tablissement<\/strong><\/span><\/h3>\n<p>Du Lundi au Vendredi : de 9h30 \u00e0 12h30 \/ 13h30 \u00e0 17h30<\/p>\n","protected":false},"excerpt":{"rendered":"<p>Contact Pour toute demande, contactez-nous : nous serons ravis de faire votre connaissance ! Par t\u00e9l\u00e9phone : 09 51 99 67 50 ou 06 81 94 46 77 Acc\u00e8s Adresse 2, rue de Colmar &#8211; 93110 Rosny-sous-Bois Comment venir \u00e0 l&rsquo;Association FaSol ? RER A arr\u00eat Val de Fontenay, puis bus 145 arr\u00eat Rue du &#8230; <a title=\"Contact \/ Plan d&rsquo;acc\u00e8s\" class=\"read-more\" href=\"https:\/\/fa-sol.fr\/?page_id=109\">Read more<\/a><\/p>\n","protected":false},"author":1,"featured_media":0,"parent":0,"menu_order":0,"comment_status":"closed","ping_status":"closed","template":"","meta":{"footnotes":""},"class_list":["post-109","page","type-page","status-publish"],"_links":{"self":[{"href":"https:\/\/fa-sol.fr\/index.php?rest_route=\/wp\/v2\/pages\/109","targetHints":{"allow":["GET"]}}],"collection":[{"href":"https:\/\/fa-sol.fr\/index.php?rest_route=\/wp\/v2\/pages"}],"about":[{"href":"https:\/\/fa-sol.fr\/index.php?rest_route=\/wp\/v2\/types\/page"}],"author":[{"embeddable":true,"href":"https:\/\/fa-sol.fr\/index.php?rest_route=\/wp\/v2\/users\/1"}],"replies":[{"embeddable":true,"href":"https:\/\/fa-sol.fr\/index.php?rest_route=%2Fwp%2Fv2%2Fcomments&post=109"}],"version-history":[{"count":21,"href":"https:\/\/fa-sol.fr\/index.php?rest_route=\/wp\/v2\/pages\/109\/revisions"}],"predecessor-version":[{"id":1923,"href":"https:\/\/fa-sol.fr\/index.php?rest_route=\/wp\/v2\/pages\/109\/revisions\/1923"}],"wp:attachment":[{"href":"https:\/\/fa-sol.fr\/index.php?rest_route=%2Fwp%2Fv2%2Fmedia&parent=109"}],"curies":[{"name":"wp","href":"https:\/\/api.w.org\/{rel}","templated":true}]}}